{"id":263,"date":"2022-10-07T06:40:48","date_gmt":"2022-10-07T06:40:48","guid":{"rendered":"https:\/\/chokdee-eckartsweier.de\/?page_id=263"},"modified":"2025-11-15T18:51:16","modified_gmt":"2025-11-15T18:51:16","slug":"haftungsausschluss","status":"publish","type":"page","link":"https:\/\/chokdee-eckartsweier.de\/?page_id=263","title":{"rendered":"Haftungsausschluss"},"content":{"rendered":"<div class=\"fusion-fullwidth fullwidth-box nonhundred-percent-fullwidth non-hundred-percent-height-scrolling\"  style='background-color: rgba(255,255,255,0);background-position: center center;background-repeat: no-repeat;padding-top:0px;padding-right:0px;padding-bottom:0px;padding-left:0px;'><div class=\"fusion-builder-row fusion-row \"><div  class=\"fusion-layout-column fusion_builder_column fusion_builder_column_1_1 fusion-builder-column-1 fusion-one-full fusion-column-first fusion-column-last 1_1\"  style='margin-top:0px;margin-bottom:20px;'>\n\t\t\t\t\t<div class=\"fusion-column-wrapper\" style=\"padding: 0px 0px 0px 0px;background-position:left top;background-repeat:no-repeat;-webkit-background-size:cover;-moz-background-size:cover;-o-background-size:cover;background-size:cover;\"   data-bg-url=\"\">\n\t\t\t\t\t\t<div class=\"fusion-text\"><h1><span style=\"color: #99cc00;\">Haftungsausschluss<\/span><\/h1>\n<p><strong><br \/>Inhalt des Onlineangebotes<br \/><\/strong>CHOK DEE Eckartsweier \u00fcbernimmt keinerlei Gew\u00e4hr f\u00fcr die Aktualit\u00e4t, Richtigkeit und Vollst\u00e4ndigkeit der bereitgestellten Informationen auf unserer Website. Haftungsanspr\u00fcche gegen den Autor, welche sich auf Sch\u00e4den materieller oder ideeller Art beziehen, die durch die Nutzung oder Nichtnutzung der dargebotenen Informationen bzw. durch die Nutzung fehlerhafter und unvollst\u00e4ndiger Informationen verursacht wurden, sind grunds\u00e4tzlich ausgeschlossen, sofern seitens des Autors kein nachweislich vors\u00e4tzliches oder grob fahrl\u00e4ssiges Verschulden vorliegt.<br \/>Alle Angebote sind freibleibend und unverbindlich. Der Autor beh\u00e4lt es sich ausdr\u00fccklich vor, Teile der Seiten oder das gesamte Angebot ohne gesonderte Ank\u00fcndigung zu ver\u00e4ndern, zu erg\u00e4nzen, zu l\u00f6schen oder die Ver\u00f6ffentlichung zeitweise oder endg\u00fcltig einzustellen.<\/p>\n<p><strong>Verweise und Links<\/strong><br \/>Bei direkten oder indirekten Verweisen auf fremde Webseiten (\u201cHyperlinks\u201d), die au\u00dferhalb des Verantwortungsbereiches des Autors liegen, w\u00fcrde eine Haftungsverpflichtung ausschlie\u00dflich in dem Fall in Kraft treten, in dem der Autor von den Inhalten Kenntnis hat und es ihm technisch m\u00f6glich und zumutbar w\u00e4re, die Nutzung im Falle rechtswidriger Inhalte zu verhindern.<br \/>CHOK DEE Eckartsweier erkl\u00e4rt hiermit ausdr\u00fccklich, dass zum Zeitpunkt der Linksetzung keine illegalen Inhalte auf den zu verlinkenden Seiten erkennbar waren. Auf die aktuelle und zuk\u00fcnftige Gestaltung, die Inhalte oder die Urheberschaft der verlinkten\/verkn\u00fcpften Seiten hat der Autor keinerlei Einfluss. Deshalb distanziert er sich hiermit ausdr\u00fccklich von allen Inhalten aller verlinkten \/verkn\u00fcpften Seiten, die nach der Linksetzung ver\u00e4ndert wurden. Diese Feststellung gilt f\u00fcr alle innerhalb des eigenen Internetangebotes gesetzten Links und Verweise sowie f\u00fcr Fremdeintr\u00e4ge in vom Autor eingerichteten G\u00e4steb\u00fcchern, Diskussionsforen, Linkverzeichnissen, Mailinglisten und in allen anderen Formen von Datenbanken, auf deren Inhalt externe Schreibzugriffe m\u00f6glich sind. F\u00fcr illegale, fehlerhafte oder unvollst\u00e4ndige Inhalte und insbesondere f\u00fcr Sch\u00e4den, die aus der Nutzung oder Nichtnutzung solcherart dargebotener Informationen entstehen, haftet allein der Anbieter der Seite, auf welche verwiesen wurde, nicht derjenige, der \u00fcber Links auf die jeweilige Ver\u00f6ffentlichung lediglich verweist.<\/p>\n<p><strong>Urheber- und Kennzeichenrecht<\/strong><br \/>CHOK DEE Eckartsweier ist bestrebt, in allen Publikationen die Urheberrechte der verwendeten Bilder, Grafiken, Tondokumente, Videosequenzen und Texte zu beachten, von ihm selbst erstellte Bilder, Grafiken, Tondokumente, Videosequenzen und Texte zu nutzen oder auf lizenzfreie Grafiken, Tondokumente, Videosequenzen und Texte zur\u00fcckzugreifen.<br \/>Alle innerhalb des Internetangebotes genannten und ggf. durch Dritte gesch\u00fctzten Marken- und Warenzeichen unterliegen uneingeschr\u00e4nkt den Bestimmungen des jeweils g\u00fcltigen Kennzeichenrechts und den Besitzrechten der jeweiligen eingetragenen Eigent\u00fcmer. Allein aufgrund der blo\u00dfen Nennung ist nicht der Schluss zu ziehen, dass Markenzeichen nicht durch Rechte Dritter gesch\u00fctzt sind!<br \/>Das Copyright f\u00fcr ver\u00f6ffentlichte, vom Autor selbst erstellte Objekte bleibt allein beim Autor der Seiten. Eine Vervielf\u00e4ltigung oder Verwendung solcher Grafiken, Tondokumente, Videosequenzen und Texte in anderen elektronischen oder gedruckten Publikationen ist ohne ausdr\u00fcckliche Zustimmung nicht gestattet.<\/p>\n<\/div><div class=\"fusion-clearfix\"><\/div>\n\n\t\t\t\t\t<\/div>\n\t\t\t\t<\/div><\/div><\/div>\n","protected":false},"excerpt":{"rendered":"","protected":false},"author":1,"featured_media":0,"parent":0,"menu_order":0,"comment_status":"closed","ping_status":"closed","template":"","meta":[],"yoast_head":"<!-- This site is optimized with the Yoast SEO plugin v19.7.2 - https:\/\/yoast.com\/wordpress\/plugins\/seo\/ -->\n<title>Haftungsausschluss - Chok Dee Eckartsweier<\/title>\n<meta name=\"description\" content=\"Kickboxen, Muay Thai, K1, Leichtkontakt, Selbstverteidigung, Fitness, Ern\u00e4hrung\" \/>\n<meta name=\"robots\" content=\"index, follow, max-snippet:-1, max-image-preview:large, max-video-preview:-1\" \/>\n<link rel=\"canonical\" href=\"https:\/\/chokdee-eckartsweier.de\/?page_id=263\" \/>\n<meta property=\"og:locale\" content=\"de_DE\" \/>\n<meta property=\"og:type\" content=\"article\" \/>\n<meta property=\"og:title\" content=\"Haftungsausschluss - Chok Dee Eckartsweier\" \/>\n<meta property=\"og:description\" content=\"Kickboxen, Muay Thai, K1, Leichtkontakt, Selbstverteidigung, Fitness, Ern\u00e4hrung\" \/>\n<meta property=\"og:url\" content=\"https:\/\/chokdee-eckartsweier.de\/?page_id=263\" \/>\n<meta property=\"og:site_name\" content=\"Chok Dee Eckartsweier\" \/>\n<meta property=\"article:publisher\" content=\"https:\/\/www.facebook.com\/chokdee.eckartsweier\/\" \/>\n<meta property=\"article:modified_time\" content=\"2025-11-15T18:51:16+00:00\" \/>\n<meta name=\"twitter:card\" content=\"summary_large_image\" \/>\n<meta name=\"twitter:label1\" content=\"Gesch\u00e4tzte Lesezeit\" \/>\n\t<meta name=\"twitter:data1\" content=\"3\u00a0Minuten\" \/>\n<script type=\"application\/ld+json\" class=\"yoast-schema-graph\">{\"@context\":\"https:\/\/schema.org\",\"@graph\":[{\"@type\":\"WebPage\",\"@id\":\"https:\/\/chokdee-eckartsweier.de\/?page_id=263\",\"url\":\"https:\/\/chokdee-eckartsweier.de\/?page_id=263\",\"name\":\"Haftungsausschluss - Chok Dee Eckartsweier\",\"isPartOf\":{\"@id\":\"https:\/\/chokdee-eckartsweier.de\/#website\"},\"datePublished\":\"2022-10-07T06:40:48+00:00\",\"dateModified\":\"2025-11-15T18:51:16+00:00\",\"description\":\"Kickboxen, Muay Thai, K1, Leichtkontakt, Selbstverteidigung, Fitness, Ern\u00e4hrung\",\"breadcrumb\":{\"@id\":\"https:\/\/chokdee-eckartsweier.de\/?page_id=263#breadcrumb\"},\"inLanguage\":\"de\",\"potentialAction\":[{\"@type\":\"ReadAction\",\"target\":[\"https:\/\/chokdee-eckartsweier.de\/?page_id=263\"]}]},{\"@type\":\"BreadcrumbList\",\"@id\":\"https:\/\/chokdee-eckartsweier.de\/?page_id=263#breadcrumb\",\"itemListElement\":[{\"@type\":\"ListItem\",\"position\":1,\"name\":\"Startseite\",\"item\":\"https:\/\/chokdee-eckartsweier.de\/\"},{\"@type\":\"ListItem\",\"position\":2,\"name\":\"Haftungsausschluss\"}]},{\"@type\":\"WebSite\",\"@id\":\"https:\/\/chokdee-eckartsweier.de\/#website\",\"url\":\"https:\/\/chokdee-eckartsweier.de\/\",\"name\":\"Chok Dee Eckartsweier\",\"description\":\"Kampfsport, Fitness, Ern\u00e4hrung, Selbstverteidigung\",\"publisher\":{\"@id\":\"https:\/\/chokdee-eckartsweier.de\/#organization\"},\"potentialAction\":[{\"@type\":\"SearchAction\",\"target\":{\"@type\":\"EntryPoint\",\"urlTemplate\":\"https:\/\/chokdee-eckartsweier.de\/?s={search_term_string}\"},\"query-input\":\"required name=search_term_string\"}],\"inLanguage\":\"de\"},{\"@type\":\"Organization\",\"@id\":\"https:\/\/chokdee-eckartsweier.de\/#organization\",\"name\":\"Chok Dee Eckartsweier e.V.\",\"url\":\"https:\/\/chokdee-eckartsweier.de\/\",\"sameAs\":[\"https:\/\/www.instagram.com\/chokdee_eckartsweier\/\",\"https:\/\/www.facebook.com\/chokdee.eckartsweier\/\"],\"logo\":{\"@type\":\"ImageObject\",\"inLanguage\":\"de\",\"@id\":\"https:\/\/chokdee-eckartsweier.de\/#\/schema\/logo\/image\/\",\"url\":\"https:\/\/chokdee-eckartsweier.de\/wp-content\/uploads\/2019\/09\/chok-dee-logo_kl.jpg\",\"contentUrl\":\"https:\/\/chokdee-eckartsweier.de\/wp-content\/uploads\/2019\/09\/chok-dee-logo_kl.jpg\",\"width\":169,\"height\":166,\"caption\":\"Chok Dee Eckartsweier e.V.\"},\"image\":{\"@id\":\"https:\/\/chokdee-eckartsweier.de\/#\/schema\/logo\/image\/\"}}]}<\/script>\n<!-- \/ Yoast SEO plugin. -->","yoast_head_json":{"title":"Haftungsausschluss - Chok Dee Eckartsweier","description":"Kickboxen, Muay Thai, K1, Leichtkontakt, Selbstverteidigung, Fitness, Ern\u00e4hrung","robots":{"index":"index","follow":"follow","max-snippet":"max-snippet:-1","max-image-preview":"max-image-preview:large","max-video-preview":"max-video-preview:-1"},"canonical":"https:\/\/chokdee-eckartsweier.de\/?page_id=263","og_locale":"de_DE","og_type":"article","og_title":"Haftungsausschluss - Chok Dee Eckartsweier","og_description":"Kickboxen, Muay Thai, K1, Leichtkontakt, Selbstverteidigung, Fitness, Ern\u00e4hrung","og_url":"https:\/\/chokdee-eckartsweier.de\/?page_id=263","og_site_name":"Chok Dee Eckartsweier","article_publisher":"https:\/\/www.facebook.com\/chokdee.eckartsweier\/","article_modified_time":"2025-11-15T18:51:16+00:00","twitter_card":"summary_large_image","twitter_misc":{"Gesch\u00e4tzte Lesezeit":"3\u00a0Minuten"},"schema":{"@context":"https:\/\/schema.org","@graph":[{"@type":"WebPage","@id":"https:\/\/chokdee-eckartsweier.de\/?page_id=263","url":"https:\/\/chokdee-eckartsweier.de\/?page_id=263","name":"Haftungsausschluss - Chok Dee Eckartsweier","isPartOf":{"@id":"https:\/\/chokdee-eckartsweier.de\/#website"},"datePublished":"2022-10-07T06:40:48+00:00","dateModified":"2025-11-15T18:51:16+00:00","description":"Kickboxen, Muay Thai, K1, Leichtkontakt, Selbstverteidigung, Fitness, Ern\u00e4hrung","breadcrumb":{"@id":"https:\/\/chokdee-eckartsweier.de\/?page_id=263#breadcrumb"},"inLanguage":"de","potentialAction":[{"@type":"ReadAction","target":["https:\/\/chokdee-eckartsweier.de\/?page_id=263"]}]},{"@type":"BreadcrumbList","@id":"https:\/\/chokdee-eckartsweier.de\/?page_id=263#breadcrumb","itemListElement":[{"@type":"ListItem","position":1,"name":"Startseite","item":"https:\/\/chokdee-eckartsweier.de\/"},{"@type":"ListItem","position":2,"name":"Haftungsausschluss"}]},{"@type":"WebSite","@id":"https:\/\/chokdee-eckartsweier.de\/#website","url":"https:\/\/chokdee-eckartsweier.de\/","name":"Chok Dee Eckartsweier","description":"Kampfsport, Fitness, Ern\u00e4hrung, Selbstverteidigung","publisher":{"@id":"https:\/\/chokdee-eckartsweier.de\/#organization"},"potentialAction":[{"@type":"SearchAction","target":{"@type":"EntryPoint","urlTemplate":"https:\/\/chokdee-eckartsweier.de\/?s={search_term_string}"},"query-input":"required name=search_term_string"}],"inLanguage":"de"},{"@type":"Organization","@id":"https:\/\/chokdee-eckartsweier.de\/#organization","name":"Chok Dee Eckartsweier e.V.","url":"https:\/\/chokdee-eckartsweier.de\/","sameAs":["https:\/\/www.instagram.com\/chokdee_eckartsweier\/","https:\/\/www.facebook.com\/chokdee.eckartsweier\/"],"logo":{"@type":"ImageObject","inLanguage":"de","@id":"https:\/\/chokdee-eckartsweier.de\/#\/schema\/logo\/image\/","url":"https:\/\/chokdee-eckartsweier.de\/wp-content\/uploads\/2019\/09\/chok-dee-logo_kl.jpg","contentUrl":"https:\/\/chokdee-eckartsweier.de\/wp-content\/uploads\/2019\/09\/chok-dee-logo_kl.jpg","width":169,"height":166,"caption":"Chok Dee Eckartsweier e.V."},"image":{"@id":"https:\/\/chokdee-eckartsweier.de\/#\/schema\/logo\/image\/"}}]}},"_links":{"self":[{"href":"https:\/\/chokdee-eckartsweier.de\/index.php?rest_route=\/wp\/v2\/pages\/263"}],"collection":[{"href":"https:\/\/chokdee-eckartsweier.de\/index.php?rest_route=\/wp\/v2\/pages"}],"about":[{"href":"https:\/\/chokdee-eckartsweier.de\/index.php?rest_route=\/wp\/v2\/types\/page"}],"author":[{"embeddable":true,"href":"https:\/\/chokdee-eckartsweier.de\/index.php?rest_route=\/wp\/v2\/users\/1"}],"replies":[{"embeddable":true,"href":"https:\/\/chokdee-eckartsweier.de\/index.php?rest_route=%2Fwp%2Fv2%2Fcomments&post=263"}],"version-history":[{"count":3,"href":"https:\/\/chokdee-eckartsweier.de\/index.php?rest_route=\/wp\/v2\/pages\/263\/revisions"}],"predecessor-version":[{"id":309,"href":"https:\/\/chokdee-eckartsweier.de\/index.php?rest_route=\/wp\/v2\/pages\/263\/revisions\/309"}],"wp:attachment":[{"href":"https:\/\/chokdee-eckartsweier.de\/index.php?rest_route=%2Fwp%2Fv2%2Fmedia&parent=263"}],"curies":[{"name":"wp","href":"https:\/\/api.w.org\/{rel}","templated":true}]}}